{"id":2252,"date":"2024-02-06T12:55:11","date_gmt":"2024-02-06T12:55:11","guid":{"rendered":"https:\/\/www.lemoine-international.com\/traducciones-sap\/"},"modified":"2024-03-19T20:55:45","modified_gmt":"2024-03-19T20:55:45","slug":"traducciones-sap","status":"publish","type":"page","link":"https:\/\/www.lemoine-international.com\/es\/traducciones-sap\/","title":{"rendered":"Traducciones SAP"},"content":{"rendered":"\t\t<div data-elementor-type=\"wp-post\" data-elementor-id=\"2252\" class=\"elementor elementor-2252 elementor-1793\">\n\t\t\t\t\t\t<section class=\"elementor-section elementor-top-section elementor-element elementor-element-13a93292 elementor-section-height-min-height elementor-section-boxed elementor-section-height-default elementor-section-items-middle\" data-id=\"13a93292\" data-element_type=\"section\" data-settings=\"{&quot;background_background&quot;:&quot;classic&quot;}\">\n\t\t\t\t\t\t\t<div class=\"elementor-background-overlay\"><\/div>\n\t\t\t\t\t\t\t<div class=\"elementor-container elementor-column-gap-default\">\n\t\t\t\t\t<div class=\"elementor-column elementor-col-100 elementor-top-column elementor-element elementor-element-25748b2d\" data-id=\"25748b2d\" data-element_type=\"column\">\n\t\t\t<div class=\"elementor-widget-wrap elementor-element-populated\">\n\t\t\t\t\t\t<div class=\"elementor-element elementor-element-1dca66c4 elementor-widget-divider--view-line elementor-widget elementor-widget-divider\" data-id=\"1dca66c4\" data-element_type=\"widget\" data-widget_type=\"divider.default\">\n\t\t\t\t<div class=\"elementor-widget-container\">\n\t\t\t<style>\/*! elementor - v3.20.0 - 13-03-2024 *\/\n.elementor-widget-divider{--divider-border-style:none;--divider-border-width:1px;--divider-color:#0c0d0e;--divider-icon-size:20px;--divider-element-spacing:10px;--divider-pattern-height:24px;--divider-pattern-size:20px;--divider-pattern-url:none;--divider-pattern-repeat:repeat-x}.elementor-widget-divider .elementor-divider{display:flex}.elementor-widget-divider .elementor-divider__text{font-size:15px;line-height:1;max-width:95%}.elementor-widget-divider .elementor-divider__element{margin:0 var(--divider-element-spacing);flex-shrink:0}.elementor-widget-divider .elementor-icon{font-size:var(--divider-icon-size)}.elementor-widget-divider .elementor-divider-separator{display:flex;margin:0;direction:ltr}.elementor-widget-divider--view-line_icon .elementor-divider-separator,.elementor-widget-divider--view-line_text .elementor-divider-separator{align-items:center}.elementor-widget-divider--view-line_icon .elementor-divider-separator:after,.elementor-widget-divider--view-line_icon .elementor-divider-separator:before,.elementor-widget-divider--view-line_text .elementor-divider-separator:after,.elementor-widget-divider--view-line_text .elementor-divider-separator:before{display:block;content:\"\";border-block-end:0;flex-grow:1;border-block-start:var(--divider-border-width) var(--divider-border-style) var(--divider-color)}.elementor-widget-divider--element-align-left .elementor-divider .elementor-divider-separator>.elementor-divider__svg:first-of-type{flex-grow:0;flex-shrink:100}.elementor-widget-divider--element-align-left .elementor-divider-separator:before{content:none}.elementor-widget-divider--element-align-left .elementor-divider__element{margin-left:0}.elementor-widget-divider--element-align-right .elementor-divider .elementor-divider-separator>.elementor-divider__svg:last-of-type{flex-grow:0;flex-shrink:100}.elementor-widget-divider--element-align-right .elementor-divider-separator:after{content:none}.elementor-widget-divider--element-align-right .elementor-divider__element{margin-right:0}.elementor-widget-divider--element-align-start .elementor-divider .elementor-divider-separator>.elementor-divider__svg:first-of-type{flex-grow:0;flex-shrink:100}.elementor-widget-divider--element-align-start .elementor-divider-separator:before{content:none}.elementor-widget-divider--element-align-start .elementor-divider__element{margin-inline-start:0}.elementor-widget-divider--element-align-end .elementor-divider .elementor-divider-separator>.elementor-divider__svg:last-of-type{flex-grow:0;flex-shrink:100}.elementor-widget-divider--element-align-end .elementor-divider-separator:after{content:none}.elementor-widget-divider--element-align-end .elementor-divider__element{margin-inline-end:0}.elementor-widget-divider:not(.elementor-widget-divider--view-line_text):not(.elementor-widget-divider--view-line_icon) .elementor-divider-separator{border-block-start:var(--divider-border-width) var(--divider-border-style) var(--divider-color)}.elementor-widget-divider--separator-type-pattern{--divider-border-style:none}.elementor-widget-divider--separator-type-pattern.elementor-widget-divider--view-line .elementor-divider-separator,.elementor-widget-divider--separator-type-pattern:not(.elementor-widget-divider--view-line) .elementor-divider-separator:after,.elementor-widget-divider--separator-type-pattern:not(.elementor-widget-divider--view-line) .elementor-divider-separator:before,.elementor-widget-divider--separator-type-pattern:not([class*=elementor-widget-divider--view]) .elementor-divider-separator{width:100%;min-height:var(--divider-pattern-height);-webkit-mask-size:var(--divider-pattern-size) 100%;mask-size:var(--divider-pattern-size) 100%;-webkit-mask-repeat:var(--divider-pattern-repeat);mask-repeat:var(--divider-pattern-repeat);background-color:var(--divider-color);-webkit-mask-image:var(--divider-pattern-url);mask-image:var(--divider-pattern-url)}.elementor-widget-divider--no-spacing{--divider-pattern-size:auto}.elementor-widget-divider--bg-round{--divider-pattern-repeat:round}.rtl .elementor-widget-divider .elementor-divider__text{direction:rtl}.e-con-inner>.elementor-widget-divider,.e-con>.elementor-widget-divider{width:var(--container-widget-width,100%);--flex-grow:var(--container-widget-flex-grow)}<\/style>\t\t<div class=\"elementor-divider\">\n\t\t\t<span class=\"elementor-divider-separator\">\n\t\t\t\t\t\t<\/span>\n\t\t<\/div>\n\t\t\t\t<\/div>\n\t\t\t\t<\/div>\n\t\t\t\t<div class=\"elementor-element elementor-element-253d822f elementor-widget elementor-widget-heading\" data-id=\"253d822f\" data-element_type=\"widget\" data-widget_type=\"heading.default\">\n\t\t\t\t<div class=\"elementor-widget-container\">\n\t\t\t<style>\/*! elementor - v3.20.0 - 13-03-2024 *\/\n.elementor-heading-title{padding:0;margin:0;line-height:1}.elementor-widget-heading .elementor-heading-title[class*=elementor-size-]>a{color:inherit;font-size:inherit;line-height:inherit}.elementor-widget-heading .elementor-heading-title.elementor-size-small{font-size:15px}.elementor-widget-heading .elementor-heading-title.elementor-size-medium{font-size:19px}.elementor-widget-heading .elementor-heading-title.elementor-size-large{font-size:29px}.elementor-widget-heading .elementor-heading-title.elementor-size-xl{font-size:39px}.elementor-widget-heading .elementor-heading-title.elementor-size-xxl{font-size:59px}<\/style><h1 class=\"elementor-heading-title elementor-size-default\">Traducciones SAP<\/h1>\t\t<\/div>\n\t\t\t\t<\/div>\n\t\t\t\t\t<\/div>\n\t\t<\/div>\n\t\t\t\t\t<\/div>\n\t\t<\/section>\n\t\t\t\t<section class=\"elementor-section elementor-top-section elementor-element elementor-element-758d8c04 elementor-section-content-middle elementor-section-boxed elementor-section-height-default elementor-section-height-default\" data-id=\"758d8c04\" data-element_type=\"section\" data-settings=\"{&quot;background_background&quot;:&quot;classic&quot;}\">\n\t\t\t\t\t\t<div class=\"elementor-container elementor-column-gap-wide\">\n\t\t\t\t\t<div class=\"elementor-column elementor-col-100 elementor-top-column elementor-element elementor-element-15249d1d\" data-id=\"15249d1d\" data-element_type=\"column\">\n\t\t\t<div class=\"elementor-widget-wrap elementor-element-populated\">\n\t\t\t\t\t\t<div class=\"elementor-element elementor-element-13a9b180 elementor-widget elementor-widget-text-editor\" data-id=\"13a9b180\" data-element_type=\"widget\" data-widget_type=\"text-editor.default\">\n\t\t\t\t<div class=\"elementor-widget-container\">\n\t\t\t<style>\/*! elementor - v3.20.0 - 13-03-2024 *\/\n.elementor-widget-text-editor.elementor-drop-cap-view-stacked .elementor-drop-cap{background-color:#69727d;color:#fff}.elementor-widget-text-editor.elementor-drop-cap-view-framed .elementor-drop-cap{color:#69727d;border:3px solid;background-color:transparent}.elementor-widget-text-editor:not(.elementor-drop-cap-view-default) .elementor-drop-cap{margin-top:8px}.elementor-widget-text-editor:not(.elementor-drop-cap-view-default) .elementor-drop-cap-letter{width:1em;height:1em}.elementor-widget-text-editor .elementor-drop-cap{float:left;text-align:center;line-height:1;font-size:50px}.elementor-widget-text-editor .elementor-drop-cap-letter{display:inline-block}<\/style>\t\t\t\t<h2><strong>Su socio de confianza para traducciones SAP<\/strong><\/h2>\n<p>En Lemoine International, hemos traducido millones de palabras en varias \u00e1reas de SAP y estamos orgullosos de ser un socio ling\u00fc\u00edstico certificado de SAP. Nuestros conocimientos y experiencia en la traducci\u00f3n de software, documentaci\u00f3n y contenidos de SAP nos permiten ofrecer soluciones personalizadas que satisfacen los requisitos espec\u00edficos de nuestros clientes.<\/p>\n<p>Como socio ling\u00fc\u00edstico reconocido de SAP, somos sin\u00f3nimo de calidad, fiabilidad y experiencia. Nuestro equipo de traductores nativos y expertos en SAP tiene un profundo conocimiento de las plataformas y la terminolog\u00eda de SAP, lo que garantiza traducciones precisas y coherentes en m\u00e1s de 40 idiomas de todo el mundo.<\/p>\n<p><strong>Nuestros servicios incluyen:<\/strong><\/p>\n<ul>\n<li>Traducci\u00f3n de software SAP, interfaces de usuario y documentaci\u00f3n<\/li>\n<li>Localizaci\u00f3n de materiales de formaci\u00f3n y documentaci\u00f3n t\u00e9cnica de SAP<\/li>\n<li>Adaptaci\u00f3n de los productos y contenidos SAP a los mercados mundiales<\/li>\n<\/ul>\n<h2><strong>\u00bfPor qu\u00e9 Lemoine Internacional?<\/strong><\/h2>\n<ul>\n<li>Socio ling\u00fc\u00edstico certificado de SAP con amplia experiencia<\/li>\n<li>Millones de palabras traducidas en varias \u00e1reas de SAP<\/li>\n<li>Traductores expertos con un profundo conocimiento de la tecnolog\u00eda y la terminolog\u00eda SAP<\/li>\n<li>M\u00e1xima calidad, fiabilidad y confidencialidad garantizadas<\/li>\n<\/ul>\n<p>Como socio de confianza para la traducci\u00f3n de SAP, le ayudamos a que sus productos y contenidos SAP sean accesibles en todo el mundo. P\u00f3ngase en contacto con nosotros hoy mismo para obtener m\u00e1s informaci\u00f3n sobre nuestros servicios de traducci\u00f3n SAP y sobre c\u00f3mo podemos ayudarle a alcanzar sus objetivos globales.<\/p>\n\t\t\t\t\t\t<\/div>\n\t\t\t\t<\/div>\n\t\t\t\t\t<\/div>\n\t\t<\/div>\n\t\t\t\t\t<\/div>\n\t\t<\/section>\n\t\t<div class=\"elementor-element elementor-element-8e93ed1 e-flex e-con-boxed e-con e-parent\" data-id=\"8e93ed1\" data-element_type=\"container\" data-core-v316-plus=\"true\">\n\t\t\t\t\t<div class=\"e-con-inner\">\n\t\t\t\t<div class=\"elementor-element elementor-element-0559dd8 elementor-align-center elementor-widget elementor-widget-button\" data-id=\"0559dd8\" data-element_type=\"widget\" data-widget_type=\"button.default\">\n\t\t\t\t<div class=\"elementor-widget-container\">\n\t\t\t\t\t<div class=\"elementor-button-wrapper\">\n\t\t\t<a class=\"elementor-button elementor-button-link elementor-size-sm\" href=\"https:\/\/www.lemoine-international.com\/kontakt\/\">\n\t\t\t\t\t\t<span class=\"elementor-button-content-wrapper\">\n\t\t\t\t\t\t<span class=\"elementor-button-text\">P\u00f3ngase en contacto con nosotros<\/span>\n\t\t<\/span>\n\t\t\t\t\t<\/a>\n\t\t<\/div>\n\t\t\t\t<\/div>\n\t\t\t\t<\/div>\n\t\t\t\t\t<\/div>\n\t\t\t\t<\/div>\n\t\t\t\t<\/div>\n\t\t","protected":false},"excerpt":{"rendered":"<p>Traducciones SAP Su socio de confianza para traducciones SAP En Lemoine International, hemos traducido millones de palabras en varias \u00e1reas de SAP y estamos orgullosos de ser un socio ling\u00fc\u00edstico certificado de SAP. Nuestros conocimientos y experiencia en la traducci\u00f3n de software, documentaci\u00f3n y contenidos de SAP nos permiten ofrecer soluciones personalizadas que satisfacen los &hellip;<\/p>\n<p class=\"read-more\"> <a class=\"\" href=\"https:\/\/www.lemoine-international.com\/es\/traducciones-sap\/\"> <span class=\"screen-reader-text\">Traducciones SAP<\/span> Leer m\u00e1s &raquo;<\/a><\/p>\n","protected":false},"author":3,"featured_media":0,"parent":0,"menu_order":0,"comment_status":"closed","ping_status":"closed","template":"","meta":{"site-sidebar-layout":"no-sidebar","site-content-layout":"page-builder","ast-site-content-layout":"full-width-container","site-content-style":"unboxed","site-sidebar-style":"unboxed","ast-global-header-display":"","ast-banner-title-visibility":"","ast-main-header-display":"","ast-hfb-above-header-display":"","ast-hfb-below-header-display":"","ast-hfb-mobile-header-display":"","site-post-title":"disabled","ast-breadcrumbs-content":"","ast-featured-img":"disabled","footer-sml-layout":"","theme-transparent-header-meta":"default","adv-header-id-meta":"","stick-header-meta":"","header-above-stick-meta":"","header-main-stick-meta":"","header-below-stick-meta":"","astra-migrate-meta-layouts":"","ast-page-background-enabled":"default","ast-page-background-meta":{"desktop":{"background-color":"","background-image":"","background-repeat":"repeat","background-position":"center center","background-size":"auto","background-attachment":"scroll","background-type":"","background-media":"","overlay-type":"","overlay-color":"","overlay-gradient":""},"tablet":{"background-color":"","background-image":"","background-repeat":"repeat","background-position":"center center","background-size":"auto","background-attachment":"scroll","background-type":"","background-media":"","overlay-type":"","overlay-color":"","overlay-gradient":""},"mobile":{"background-color":"","background-image":"","background-repeat":"repeat","background-position":"center center","background-size":"auto","background-attachment":"scroll","background-type":"","background-media":"","overlay-type":"","overlay-color":"","overlay-gradient":""}},"ast-content-background-meta":{"desktop":{"background-color":"var(--ast-global-color-5)","background-image":"","background-repeat":"repeat","background-position":"center center","background-size":"auto","background-attachment":"scroll","background-type":"","background-media":"","overlay-type":"","overlay-color":"","overlay-gradient":""},"tablet":{"background-color":"var(--ast-global-color-5)","background-image":"","background-repeat":"repeat","background-position":"center center","background-size":"auto","background-attachment":"scroll","background-type":"","background-media":"","overlay-type":"","overlay-color":"","overlay-gradient":""},"mobile":{"background-color":"var(--ast-global-color-5)","background-image":"","background-repeat":"repeat","background-position":"center center","background-size":"auto","background-attachment":"scroll","background-type":"","background-media":"","overlay-type":"","overlay-color":"","overlay-gradient":""}},"footnotes":""},"class_list":["post-2252","page","type-page","status-publish","hentry"],"yoast_head":"<!-- This site is optimized with the Yoast SEO plugin v22.2 - https:\/\/yoast.com\/wordpress\/plugins\/seo\/ -->\n<title>Traducciones SAP profesional de un - Lemoine International profesional<\/title>\n<meta name=\"description\" content=\"Socio ling\u00fc\u00edstico certificado para la traducci\u00f3n de SAP y para la localizaci\u00f3n de su UX con la m\u00e1xima calidad - Lemoine International\" \/>\n<meta name=\"robots\" content=\"index, follow, max-snippet:-1, max-image-preview:large, max-video-preview:-1\" \/>\n<link rel=\"canonical\" href=\"https:\/\/www.lemoine-international.com\/es\/traducciones-sap\/\" \/>\n<meta property=\"og:locale\" content=\"es_ES\" \/>\n<meta property=\"og:type\" content=\"article\" \/>\n<meta property=\"og:title\" content=\"Traducciones SAP profesional de un - Lemoine International profesional\" \/>\n<meta property=\"og:description\" content=\"Socio ling\u00fc\u00edstico certificado para la traducci\u00f3n de SAP y para la localizaci\u00f3n de su UX con la m\u00e1xima calidad - Lemoine International\" \/>\n<meta property=\"og:url\" content=\"https:\/\/www.lemoine-international.com\/es\/traducciones-sap\/\" \/>\n<meta property=\"og:site_name\" content=\"Lemoine International\" \/>\n<meta property=\"article:modified_time\" content=\"2024-03-19T20:55:45+00:00\" \/>\n<meta name=\"twitter:card\" content=\"summary_large_image\" \/>\n<meta name=\"twitter:label1\" content=\"Tiempo de lectura\" \/>\n\t<meta name=\"twitter:data1\" content=\"1 minuto\" \/>\n<script type=\"application\/ld+json\" class=\"yoast-schema-graph\">{\"@context\":\"https:\/\/schema.org\",\"@graph\":[{\"@type\":\"WebPage\",\"@id\":\"https:\/\/www.lemoine-international.com\/es\/traducciones-sap\/\",\"url\":\"https:\/\/www.lemoine-international.com\/es\/traducciones-sap\/\",\"name\":\"Traducciones SAP profesional de un - Lemoine International profesional\",\"isPartOf\":{\"@id\":\"https:\/\/www.lemoine-international.com\/es\/#website\"},\"datePublished\":\"2024-02-06T12:55:11+00:00\",\"dateModified\":\"2024-03-19T20:55:45+00:00\",\"description\":\"Socio ling\u00fc\u00edstico certificado para la traducci\u00f3n de SAP y para la localizaci\u00f3n de su UX con la m\u00e1xima calidad - Lemoine International\",\"breadcrumb\":{\"@id\":\"https:\/\/www.lemoine-international.com\/es\/traducciones-sap\/#breadcrumb\"},\"inLanguage\":\"es\",\"potentialAction\":[{\"@type\":\"ReadAction\",\"target\":[\"https:\/\/www.lemoine-international.com\/es\/traducciones-sap\/\"]}]},{\"@type\":\"BreadcrumbList\",\"@id\":\"https:\/\/www.lemoine-international.com\/es\/traducciones-sap\/#breadcrumb\",\"itemListElement\":[{\"@type\":\"ListItem\",\"position\":1,\"name\":\"Startseite\",\"item\":\"https:\/\/www.lemoine-international.com\/es\/\"},{\"@type\":\"ListItem\",\"position\":2,\"name\":\"Traducciones SAP\"}]},{\"@type\":\"WebSite\",\"@id\":\"https:\/\/www.lemoine-international.com\/es\/#website\",\"url\":\"https:\/\/www.lemoine-international.com\/es\/\",\"name\":\"Lemoine International\",\"description\":\"\",\"publisher\":{\"@id\":\"https:\/\/www.lemoine-international.com\/es\/#organization\"},\"potentialAction\":[{\"@type\":\"SearchAction\",\"target\":{\"@type\":\"EntryPoint\",\"urlTemplate\":\"https:\/\/www.lemoine-international.com\/es\/?s={search_term_string}\"},\"query-input\":\"required name=search_term_string\"}],\"inLanguage\":\"es\"},{\"@type\":\"Organization\",\"@id\":\"https:\/\/www.lemoine-international.com\/es\/#organization\",\"name\":\"Lemoine International\",\"url\":\"https:\/\/www.lemoine-international.com\/es\/\",\"logo\":{\"@type\":\"ImageObject\",\"inLanguage\":\"es\",\"@id\":\"https:\/\/www.lemoine-international.com\/es\/#\/schema\/logo\/image\/\",\"url\":\"https:\/\/www.lemoine-international.com\/wp-content\/uploads\/2024\/02\/lemoine_logo.gif\",\"contentUrl\":\"https:\/\/www.lemoine-international.com\/wp-content\/uploads\/2024\/02\/lemoine_logo.gif\",\"width\":404,\"height\":42,\"caption\":\"Lemoine International\"},\"image\":{\"@id\":\"https:\/\/www.lemoine-international.com\/es\/#\/schema\/logo\/image\/\"}}]}<\/script>\n<!-- \/ Yoast SEO plugin. -->","yoast_head_json":{"title":"Traducciones SAP profesional de un - Lemoine International profesional","description":"Socio ling\u00fc\u00edstico certificado para la traducci\u00f3n de SAP y para la localizaci\u00f3n de su UX con la m\u00e1xima calidad - Lemoine International","robots":{"index":"index","follow":"follow","max-snippet":"max-snippet:-1","max-image-preview":"max-image-preview:large","max-video-preview":"max-video-preview:-1"},"canonical":"https:\/\/www.lemoine-international.com\/es\/traducciones-sap\/","og_locale":"es_ES","og_type":"article","og_title":"Traducciones SAP profesional de un - Lemoine International profesional","og_description":"Socio ling\u00fc\u00edstico certificado para la traducci\u00f3n de SAP y para la localizaci\u00f3n de su UX con la m\u00e1xima calidad - Lemoine International","og_url":"https:\/\/www.lemoine-international.com\/es\/traducciones-sap\/","og_site_name":"Lemoine International","article_modified_time":"2024-03-19T20:55:45+00:00","twitter_card":"summary_large_image","twitter_misc":{"Tiempo de lectura":"1 minuto"},"schema":{"@context":"https:\/\/schema.org","@graph":[{"@type":"WebPage","@id":"https:\/\/www.lemoine-international.com\/es\/traducciones-sap\/","url":"https:\/\/www.lemoine-international.com\/es\/traducciones-sap\/","name":"Traducciones SAP profesional de un - Lemoine International profesional","isPartOf":{"@id":"https:\/\/www.lemoine-international.com\/es\/#website"},"datePublished":"2024-02-06T12:55:11+00:00","dateModified":"2024-03-19T20:55:45+00:00","description":"Socio ling\u00fc\u00edstico certificado para la traducci\u00f3n de SAP y para la localizaci\u00f3n de su UX con la m\u00e1xima calidad - Lemoine International","breadcrumb":{"@id":"https:\/\/www.lemoine-international.com\/es\/traducciones-sap\/#breadcrumb"},"inLanguage":"es","potentialAction":[{"@type":"ReadAction","target":["https:\/\/www.lemoine-international.com\/es\/traducciones-sap\/"]}]},{"@type":"BreadcrumbList","@id":"https:\/\/www.lemoine-international.com\/es\/traducciones-sap\/#breadcrumb","itemListElement":[{"@type":"ListItem","position":1,"name":"Startseite","item":"https:\/\/www.lemoine-international.com\/es\/"},{"@type":"ListItem","position":2,"name":"Traducciones SAP"}]},{"@type":"WebSite","@id":"https:\/\/www.lemoine-international.com\/es\/#website","url":"https:\/\/www.lemoine-international.com\/es\/","name":"Lemoine International","description":"","publisher":{"@id":"https:\/\/www.lemoine-international.com\/es\/#organization"},"potentialAction":[{"@type":"SearchAction","target":{"@type":"EntryPoint","urlTemplate":"https:\/\/www.lemoine-international.com\/es\/?s={search_term_string}"},"query-input":"required name=search_term_string"}],"inLanguage":"es"},{"@type":"Organization","@id":"https:\/\/www.lemoine-international.com\/es\/#organization","name":"Lemoine International","url":"https:\/\/www.lemoine-international.com\/es\/","logo":{"@type":"ImageObject","inLanguage":"es","@id":"https:\/\/www.lemoine-international.com\/es\/#\/schema\/logo\/image\/","url":"https:\/\/www.lemoine-international.com\/wp-content\/uploads\/2024\/02\/lemoine_logo.gif","contentUrl":"https:\/\/www.lemoine-international.com\/wp-content\/uploads\/2024\/02\/lemoine_logo.gif","width":404,"height":42,"caption":"Lemoine International"},"image":{"@id":"https:\/\/www.lemoine-international.com\/es\/#\/schema\/logo\/image\/"}}]}},"_links":{"self":[{"href":"https:\/\/www.lemoine-international.com\/es\/wp-json\/wp\/v2\/pages\/2252","targetHints":{"allow":["GET"]}}],"collection":[{"href":"https:\/\/www.lemoine-international.com\/es\/wp-json\/wp\/v2\/pages"}],"about":[{"href":"https:\/\/www.lemoine-international.com\/es\/wp-json\/wp\/v2\/types\/page"}],"author":[{"embeddable":true,"href":"https:\/\/www.lemoine-international.com\/es\/wp-json\/wp\/v2\/users\/3"}],"replies":[{"embeddable":true,"href":"https:\/\/www.lemoine-international.com\/es\/wp-json\/wp\/v2\/comments?post=2252"}],"version-history":[{"count":2,"href":"https:\/\/www.lemoine-international.com\/es\/wp-json\/wp\/v2\/pages\/2252\/revisions"}],"predecessor-version":[{"id":2284,"href":"https:\/\/www.lemoine-international.com\/es\/wp-json\/wp\/v2\/pages\/2252\/revisions\/2284"}],"wp:attachment":[{"href":"https:\/\/www.lemoine-international.com\/es\/wp-json\/wp\/v2\/media?parent=2252"}],"curies":[{"name":"wp","href":"https:\/\/api.w.org\/{rel}","templated":true}]}}